{"id":354762,"date":"2023-04-17T18:59:20","date_gmt":"2023-04-17T16:59:20","guid":{"rendered":"https:\/\/levanteymar.com\/galeria\/"},"modified":"2024-08-23T11:00:43","modified_gmt":"2024-08-23T09:00:43","slug":"galeria","status":"publish","type":"page","link":"https:\/\/levanteymar.com\/es\/galeria\/","title":{"rendered":"Galer\u00eda"},"content":{"rendered":"<p>[et_pb_section fb_built=\u00bb1&#8243; custom_padding_last_edited=\u00bboff|desktop\u00bb admin_label=\u00bbHeader\u00bb _builder_version=\u00bb4.20.0&#8243; use_background_color_gradient=\u00bbon\u00bb background_color_gradient_direction=\u00bb90deg\u00bb background_color_gradient_stops=\u00bb#ffffff 50%|#e9e7e8 50%\u00bb background_color_gradient_start=\u00bb#ffffff\u00bb background_color_gradient_start_position=\u00bb50%\u00bb background_color_gradient_end=\u00bb#e9e7e8&#8243; background_color_gradient_end_position=\u00bb50%\u00bb background_image=\u00bbhttps:\/\/levanteymar.com\/wp-content\/uploads\/2023\/02\/Hintergrund.png\u00bb width=\u00bb100%\u00bb max_width=\u00bb100%\u00bb max_width_tablet=\u00bb\u00bb max_width_phone=\u00bb\u00bb max_width_last_edited=\u00bbon|desktop\u00bb custom_padding=\u00bb10vw||10vw||true|\u00bb custom_padding_tablet=\u00bb5vw||5vw||true\u00bb background_last_edited=\u00bbon|phone\u00bb use_background_color_gradient_tablet=\u00bbon\u00bb use_background_color_gradient_phone=\u00bbon\u00bb background_color_gradient_stops_tablet=\u00bb#efefef 73%|#e9e7e8 73%\u00bb background_color_gradient_stops_phone=\u00bb#efefef 100%|#e9e7e8 100%\u00bb background_color_gradient_start_tablet=\u00bb#efefef\u00bb background_color_gradient_start_position_tablet=\u00bb73%\u00bb background_color_gradient_start_position_phone=\u00bb100%\u00bb background_position_tablet=\u00bbtop_left\u00bb locked=\u00bboff\u00bb global_colors_info=\u00bb{}\u00bb][et_pb_row _builder_version=\u00bb4.20.4&#8243; use_custom_width=\u00bbon\u00bb width_unit=\u00bboff\u00bb custom_width_percent=\u00bb100%\u00bb locked=\u00bboff\u00bb global_colors_info=\u00bb{}\u00bb][et_pb_column type=\u00bb4_4&#8243; _builder_version=\u00bb4.16&#8243; custom_padding=\u00bb|||\u00bb global_colors_info=\u00bb{}\u00bb custom_padding__hover=\u00bb|||\u00bb][et_pb_text _builder_version=\u00bb4.20.4&#8243; text_font=\u00bb||||||||\u00bb header_font=\u00bbPrata||||||||\u00bb header_text_align=\u00bbcenter\u00bb header_text_color=\u00bb#333333&#8243; header_font_size=\u00bb150px\u00bb header_2_font=\u00bb|700||on|||||\u00bb header_2_text_align=\u00bbleft\u00bb header_2_text_color=\u00bbrgba(0,0,0,0.28)\u00bb header_2_font_size=\u00bb21px\u00bb header_2_letter_spacing=\u00bb5px\u00bb header_2_line_height=\u00bb2em\u00bb transform_translate_linked=\u00bboff\u00bb max_width=\u00bb100%\u00bb max_width_tablet=\u00bb70%\u00bb max_width_last_edited=\u00bboff|phone\u00bb header_font_size_tablet=\u00bb80px\u00bb header_font_size_phone=\u00bb50px\u00bb header_font_size_last_edited=\u00bbon|phone\u00bb header_2_font_size_tablet=\u00bb21px\u00bb header_2_font_size_phone=\u00bb17px\u00bb header_2_font_size_last_edited=\u00bbon|phone\u00bb global_colors_info=\u00bb{}\u00bb]<\/p>\n<h2>Galer\u00eda<\/h2>\n<p>[\/et_pb_text][et_pb_text _builder_version=\u00bb4.20.4&#8243; text_font=\u00bb||||||||\u00bb header_font=\u00bbPrata||||||||\u00bb header_text_align=\u00bbleft\u00bb header_text_color=\u00bb#333333&#8243; header_font_size=\u00bb129px\u00bb header_2_font=\u00bb|500||on|||||\u00bb header_2_font_size=\u00bb14px\u00bb header_2_letter_spacing=\u00bb5px\u00bb header_2_line_height=\u00bb2em\u00bb transform_translate_linked=\u00bboff\u00bb max_width=\u00bb100%\u00bb max_width_tablet=\u00bb70%\u00bb max_width_last_edited=\u00bboff|phone\u00bb module_alignment=\u00bbleft\u00bb custom_padding=\u00bb||||false|false\u00bb header_font_size_tablet=\u00bb80px\u00bb header_font_size_phone=\u00bb50px\u00bb header_font_size_last_edited=\u00bbon|phone\u00bb global_colors_info=\u00bb{}\u00bb]<\/p>\n<h1>Arte y creaci\u00f3n<\/h1>\n<p>[\/et_pb_text][\/et_pb_column][\/et_pb_row][\/et_pb_section][et_pb_section fb_built=\u00bb1&#8243; admin_label=\u00bbOooh Yeah Gallery &#8211; Freddie\u00bb module_class=\u00bbfreddie_gallery_oooh_yeah\u00bb _builder_version=\u00bb4.16&#8243; global_colors_info=\u00bb{}\u00bb][et_pb_row admin_label=\u00bbGaler\u00eda Oooh Yeah &#8211; Freddie &#8211; Fila\u00bb _builder_version=\u00bb4.16&#8243; width=\u00bb90%\u00bb max_width=\u00bb1170px\u00bb global_colors_info=\u00bb{}\u00bb][et_pb_column type=\u00bb4_4&#8243; _builder_version=\u00bb4.16&#8243; global_colors_info=\u00bb{}\u00bb][et_pb_text _builder_version=\u00bb4.25.1&#8243; _module_preset=\u00bbdefault\u00bb global_colors_info=\u00bb{}\u00bb]<\/p>\n<h2>Exposiciones<\/h2>\n<p>[\/et_pb_text][et_pb_gallery gallery_ids=\u00bb354936,356545,356548,356541,356615&#8243; posts_number=\u00bb9&#8243; zoom_icon_color=\u00bb#000000&#8243; hover_overlay_color=\u00bbrgba(255,255,255,0.6)\u00bb hover_icon=\u00bb&#x54;||divi||400&#8243; admin_label=\u00bbOooh Yeah Gallery &#8211; Freddie &#8211; Gallery\u00bb _builder_version=\u00bb4.25.1&#8243; title_font=\u00bbRoboto|500|||||||\u00bb title_text_color=\u00bb#000000&#8243; title_font_size=\u00bb16px\u00bb title_letter_spacing=\u00bb0.4px\u00bb title_line_height=\u00bb120%\u00bb pagination_font=\u00bbPoppins|500|||||||\u00bb pagination_text_align=\u00bbcenter\u00bb pagination_text_color=\u00bb#000000&#8243; pagination_line_height=\u00bb2.2em\u00bb background_color=\u00bb#f6f6f6&#8243; custom_padding=\u00bb25px|25px|0px|25px|false|false\u00bb custom_padding_tablet=\u00bb\u00bb custom_padding_phone=\u00bb10px|10px|0px|10px|false|false\u00bb custom_padding_last_edited=\u00bbon|phone\u00bb hover_enabled=\u00bb0&#8243; custom_css_gallery_item=\u00bb||position: relative;||overflow: hidden;||  \u00bb custom_css_overlay=\u00bb    display: none !important;\u00bb custom_css_gallery_item_title=\u00bbposition: absolute;||bottom: 0;||background-color: #fff;||width: 100%;||padding: 26px 90px 26px 31px;||margin: 0 !important;||||  transition: 0.3s;||transform: translate(0px, 101%);\u00bb custom_css_gallery_pagination=\u00bbborder: none !important;||line-height: 100%;\u00bb custom_css_gallery_pagination_active=\u00bbfont-size: 24px;\u00bb global_colors_info=\u00bb{}\u00bb sticky_enabled=\u00bb0&#8243;][\/et_pb_gallery][et_pb_gallery gallery_ids=\u00bb356552,356558,356640&#8243; posts_number=\u00bb9&#8243; zoom_icon_color=\u00bb#000000&#8243; hover_overlay_color=\u00bbrgba(255,255,255,0.6)\u00bb hover_icon=\u00bb&#x54;||divi||400&#8243; admin_label=\u00bbOooh Yeah Gallery &#8211; Freddie &#8211; Gallery\u00bb _builder_version=\u00bb4.25.1&#8243; title_font=\u00bbRoboto|500|||||||\u00bb title_text_color=\u00bb#000000&#8243; title_font_size=\u00bb16px\u00bb title_letter_spacing=\u00bb0.4px\u00bb title_line_height=\u00bb120%\u00bb pagination_font=\u00bbPoppins|500|||||||\u00bb pagination_text_align=\u00bbcenter\u00bb pagination_text_color=\u00bb#000000&#8243; pagination_line_height=\u00bb2.2em\u00bb background_color=\u00bb#f6f6f6&#8243; custom_padding=\u00bb25px|25px|0px|25px|false|false\u00bb custom_padding_tablet=\u00bb\u00bb custom_padding_phone=\u00bb10px|10px|0px|10px|false|false\u00bb custom_padding_last_edited=\u00bbon|phone\u00bb hover_enabled=\u00bb0&#8243; custom_css_gallery_item=\u00bb||position: relative;||overflow: hidden;||  \u00bb custom_css_overlay=\u00bb    display: none !important;\u00bb custom_css_gallery_item_title=\u00bbposition: absolute;||bottom: 0;||background-color: #fff;||width: 100%;||padding: 26px 90px 26px 31px;||margin: 0 !important;||||  transition: 0.3s;||transform: translate(0px, 101%);\u00bb custom_css_gallery_pagination=\u00bbborder: none !important;||line-height: 100%;\u00bb custom_css_gallery_pagination_active=\u00bbfont-size: 24px;\u00bb global_colors_info=\u00bb{}\u00bb sticky_enabled=\u00bb0&#8243;][\/et_pb_gallery][\/et_pb_column][\/et_pb_row][\/et_pb_section][et_pb_section fb_built=\u00bb1&#8243; admin_label=\u00bbOooh Yeah Gallery &#8211; Freddie\u00bb module_class=\u00bbfreddie_gallery_oooh_yeah\u00bb _builder_version=\u00bb4.16&#8243; global_colors_info=\u00bb{}\u00bb][et_pb_row admin_label=\u00bbGaler\u00eda Oooh Yeah &#8211; Freddie &#8211; Fila\u00bb _builder_version=\u00bb4.16&#8243; width=\u00bb90%\u00bb max_width=\u00bb1170px\u00bb global_colors_info=\u00bb{}\u00bb][et_pb_column type=\u00bb4_4&#8243; _builder_version=\u00bb4.16&#8243; global_colors_info=\u00bb{}\u00bb][et_pb_text _builder_version=\u00bb4.20.4&#8243; _module_preset=\u00bbdefault\u00bb global_colors_info=\u00bb{}\u00bb]<\/p>\n<h2>Las obras de arte<\/h2>\n<p>[\/et_pb_text][et_pb_text _builder_version=\u00bb4.22.1&#8243; _module_preset=\u00bbdefault\u00bb global_colors_info=\u00bb{}\u00bb]<\/p>\n<p><strong>Denia, mar y m\u00e1s de noche<\/strong><\/p>\n<p>[\/et_pb_text][et_pb_gallery gallery_ids=\u00bb355527,355013,355392&#8243; posts_number=\u00bb90&#8243; zoom_icon_color=\u00bb#000000&#8243; hover_overlay_color=\u00bbrgba(255,255,255,0.6)\u00bb hover_icon=\u00bb&#x54;||divi||400&#8243; admin_label=\u00bbOooh Yeah Gallery &#8211; Freddie &#8211; Gallery\u00bb _builder_version=\u00bb4.23.4&#8243; title_font=\u00bbRoboto|500|||||||\u00bb title_text_color=\u00bb#000000&#8243; title_font_size=\u00bb16px\u00bb title_letter_spacing=\u00bb0.4px\u00bb title_line_height=\u00bb120%\u00bb pagination_font=\u00bbPoppins|500|||||||\u00bb pagination_text_align=\u00bbcenter\u00bb pagination_text_color=\u00bb#000000&#8243; pagination_line_height=\u00bb2.2em\u00bb background_color=\u00bb#f6f6f6&#8243; custom_padding=\u00bb25px|25px|0px|25px|false|false\u00bb custom_padding_tablet=\u00bb\u00bb custom_padding_phone=\u00bb10px|10px|0px|10px|false|false\u00bb custom_padding_last_edited=\u00bbon|phone\u00bb custom_css_gallery_item=\u00bb||position: relative;||overflow: hidden;||  \u00bb custom_css_overlay=\u00bb    display: none !important;\u00bb custom_css_gallery_item_title=\u00bbposition: absolute;||bottom: 0;||background-color: #fff;||width: 100%;||padding: 26px 90px 26px 31px;||margin: 0 !important;||||  transition: 0.3s;||transform: translate(0px, 101%);\u00bb custom_css_gallery_pagination=\u00bbborder: none !important;||line-height: 100%;\u00bb custom_css_gallery_pagination_active=\u00bbfont-size: 24px;\u00bb global_colors_info=\u00bb{}\u00bb][\/et_pb_gallery][et_pb_text _builder_version=\u00bb4.23.4&#8243; _module_preset=\u00bbdefault\u00bb global_colors_info=\u00bb{}\u00bb]<\/p>\n<p><strong>Esplendor de las flores en peque\u00f1o formato<\/strong><\/p>\n<p>[\/et_pb_text][et_pb_gallery gallery_ids=\u00bb354628,354584,354557,354545,356067,356064,356424,356441,356509&#8243; posts_number=\u00bb90&#8243; zoom_icon_color=\u00bb#000000&#8243; hover_overlay_color=\u00bbrgba(255,255,255,0.6)\u00bb hover_icon=\u00bb&#x54;||divi||400&#8243; _builder_version=\u00bb4.23.4&#8243; _module_preset=\u00bbdefault\u00bb title_font=\u00bbRoboto|500|||||||\u00bb title_text_color=\u00bb#000000&#8243; title_font_size=\u00bb16px\u00bb title_letter_spacing=\u00bb0.4px\u00bb title_line_height=\u00bb120%\u00bb pagination_font=\u00bbPoppins|500|||||||\u00bb pagination_text_align=\u00bbcenter\u00bb pagination_text_color=\u00bb#000000&#8243; pagination_line_height=\u00bb2.2em\u00bb background_color=\u00bb#f6f6f6&#8243; custom_padding=\u00bb25px|25px|0px|25px|false|false\u00bb custom_padding_tablet=\u00bb25px|25px|0px|25px|false|false\u00bb custom_padding_phone=\u00bb10px|10px|0px|10px|false|false\u00bb custom_padding_last_edited=\u00bbon|phone\u00bb custom_css_gallery_item=\u00bb||position: relative;||overflow: hidden;||  \u00bb custom_css_overlay=\u00bb    display: none !important;\u00bb custom_css_gallery_item_title=\u00bbposition: absolute;||bottom: 0;||background-color: #fff;||width: 100%;||padding: 26px 90px 26px 31px;||margin: 0 !important;||||  transition: 0.3s;||transform: translate(0px, 101%);\u00bb custom_css_gallery_pagination=\u00bbborder: none !important;||line-height: 100%;\u00bb custom_css_gallery_pagination_active=\u00bbfont-size: 24px;\u00bb global_colors_info=\u00bb{}\u00bb][\/et_pb_gallery][et_pb_text _builder_version=\u00bb4.23.4&#8243; _module_preset=\u00bbdefault\u00bb global_colors_info=\u00bb{}\u00bb]<\/p>\n<p><strong>Esplendor floral en gran formato<\/strong><\/p>\n<p>[\/et_pb_text][et_pb_gallery gallery_ids=\u00bb356489,356438,356452,356498,356495,356486,356492,356634,354572&#8243; posts_number=\u00bb90&#8243; zoom_icon_color=\u00bb#000000&#8243; hover_overlay_color=\u00bbrgba(255,255,255,0.6)\u00bb hover_icon=\u00bb&#x54;||divi||400&#8243; _builder_version=\u00bb4.25.1&#8243; _module_preset=\u00bbdefault\u00bb title_font=\u00bbRoboto|500|||||||\u00bb title_text_color=\u00bb#000000&#8243; title_font_size=\u00bb16px\u00bb title_letter_spacing=\u00bb0.4px\u00bb title_line_height=\u00bb120%\u00bb pagination_font=\u00bbPoppins|500|||||||\u00bb pagination_text_align=\u00bbcenter\u00bb pagination_text_color=\u00bb#000000&#8243; pagination_line_height=\u00bb2.2em\u00bb background_color=\u00bb#f6f6f6&#8243; custom_padding=\u00bb25px|25px|0px|25px|false|false\u00bb custom_padding_tablet=\u00bb25px|25px|0px|25px|false|false\u00bb custom_padding_phone=\u00bb10px|10px|0px|10px|false|false\u00bb custom_padding_last_edited=\u00bbon|phone\u00bb custom_css_gallery_item=\u00bb||position: relative;||overflow: hidden;||  \u00bb custom_css_overlay=\u00bb    display: none !important;\u00bb custom_css_gallery_item_title=\u00bbposition: absolute;||bottom: 0;||background-color: #fff;||width: 100%;||padding: 26px 90px 26px 31px;||margin: 0 !important;||||  transition: 0.3s;||transform: translate(0px, 101%);\u00bb custom_css_gallery_pagination=\u00bbborder: none !important;||line-height: 100%;\u00bb custom_css_gallery_pagination_active=\u00bbfont-size: 24px;\u00bb global_colors_info=\u00bb{}\u00bb][\/et_pb_gallery][et_pb_text _builder_version=\u00bb4.22.1&#8243; _module_preset=\u00bbdefault\u00bb global_colors_info=\u00bb{}\u00bb]<\/p>\n<p><strong>Vida espa\u00f1ola<\/strong><\/p>\n<p>[\/et_pb_text][et_pb_gallery gallery_ids=\u00bb355963,355960,355966,355995,355998,356001&#8243; posts_number=\u00bb90&#8243; zoom_icon_color=\u00bb#000000&#8243; hover_overlay_color=\u00bbrgba(255,255,255,0.6)\u00bb hover_icon=\u00bb&#x54;||divi||400&#8243; _builder_version=\u00bb4.23.4&#8243; _module_preset=\u00bbdefault\u00bb title_font=\u00bbRoboto|500|||||||\u00bb title_text_color=\u00bb#000000&#8243; title_font_size=\u00bb16px\u00bb title_letter_spacing=\u00bb0.4px\u00bb title_line_height=\u00bb120%\u00bb pagination_font=\u00bbPoppins|500|||||||\u00bb pagination_text_align=\u00bbcenter\u00bb pagination_text_color=\u00bb#000000&#8243; pagination_line_height=\u00bb2.2em\u00bb background_color=\u00bb#f6f6f6&#8243; custom_padding=\u00bb25px|25px|0px|25px|false|false\u00bb custom_padding_tablet=\u00bb25px|25px|0px|25px|false|false\u00bb custom_padding_phone=\u00bb10px|10px|0px|10px|false|false\u00bb custom_padding_last_edited=\u00bbon|phone\u00bb custom_css_gallery_item=\u00bb||position: relative;||overflow: hidden;||  \u00bb custom_css_overlay=\u00bb    display: none !important;\u00bb custom_css_gallery_item_title=\u00bbposition: absolute;||bottom: 0;||background-color: #fff;||width: 100%;||padding: 26px 90px 26px 31px;||margin: 0 !important;||||  transition: 0.3s;||transform: translate(0px, 101%);\u00bb custom_css_gallery_pagination=\u00bbborder: none !important;||line-height: 100%;\u00bb custom_css_gallery_pagination_active=\u00bbfont-size: 24px;\u00bb global_colors_info=\u00bb{}\u00bb][\/et_pb_gallery][et_pb_text _builder_version=\u00bb4.23.4&#8243; _module_preset=\u00bbdefault\u00bb global_colors_info=\u00bb{}\u00bb]<\/p>\n<p><strong>Por debajo y por encima del agua<\/strong><\/p>\n<p>[\/et_pb_text][et_pb_gallery gallery_ids=\u00bb354581,354542,356203,356200,356197,355161&#8243; posts_number=\u00bb90&#8243; orientation=\u00bbportrait\u00bb zoom_icon_color=\u00bb#000000&#8243; hover_overlay_color=\u00bbrgba(255,255,255,0.6)\u00bb hover_icon=\u00bb&#x54;||divi||400&#8243; admin_label=\u00bbOooh Yeah Gallery &#8211; Freddie &#8211; Gallery\u00bb _builder_version=\u00bb4.23.4&#8243; title_font=\u00bbRoboto|500|||||||\u00bb title_text_color=\u00bb#000000&#8243; title_font_size=\u00bb16px\u00bb title_letter_spacing=\u00bb0.4px\u00bb title_line_height=\u00bb120%\u00bb pagination_font=\u00bbPoppins|500|||||||\u00bb pagination_text_align=\u00bbcenter\u00bb pagination_text_color=\u00bb#000000&#8243; pagination_line_height=\u00bb2.2em\u00bb background_color=\u00bb#f6f6f6&#8243; custom_padding=\u00bb25px|25px|0px|25px|false|false\u00bb custom_padding_tablet=\u00bb\u00bb custom_padding_phone=\u00bb10px|10px|0px|10px|false|false\u00bb custom_padding_last_edited=\u00bbon|phone\u00bb custom_css_gallery_item=\u00bb||position: relative;||overflow: hidden;||  \u00bb custom_css_overlay=\u00bb    display: none !important;\u00bb custom_css_gallery_item_title=\u00bbposition: absolute;||bottom: 0;||background-color: #fff;||width: 100%;||padding: 26px 90px 26px 31px;||margin: 0 !important;||||  transition: 0.3s;||transform: translate(0px, 101%);\u00bb custom_css_gallery_pagination=\u00bbborder: none !important;||line-height: 100%;\u00bb custom_css_gallery_pagination_active=\u00bbfont-size: 24px;\u00bb global_colors_info=\u00bb{}\u00bb][\/et_pb_gallery][et_pb_text _builder_version=\u00bb4.22.1&#8243; _module_preset=\u00bbdefault\u00bb global_colors_info=\u00bb{}\u00bb]<\/p>\n<p><strong>Minifrigor\u00edfico magn\u00e9tico<\/strong><\/p>\n<p>[\/et_pb_text][et_pb_image src=\u00bbhttps:\/\/levanteymar.com\/wp-content\/uploads\/2023\/12\/20231205_105652_k.jpg\u00bb title_text=\u00bbMinifrigor\u00edfico magn\u00e9tico sobre cart\u00f3n hecho a mano con lona vieja\u00bb align=\u00bbcenter\u00bb _builder_version=\u00bb4.23.1&#8243; _module_preset=\u00bbdefault\u00bb global_colors_info=\u00bb{}\u00bb][\/et_pb_image][et_pb_text _builder_version=\u00bb4.22.1&#8243; _module_preset=\u00bbdefault\u00bb global_colors_info=\u00bb{}\u00bb]<\/p>\n<p><strong>Dibujos antiguos en grafito<\/strong><\/p>\n<p>[\/et_pb_text][et_pb_gallery gallery_ids=\u00bb355700,355697,355709,356246,355761,355764,356249,356261,356270&#8243; posts_number=\u00bb90&#8243; orientation=\u00bbportrait\u00bb zoom_icon_color=\u00bb#000000&#8243; hover_overlay_color=\u00bbrgba(255,255,255,0.6)\u00bb hover_icon=\u00bb&#x54;||divi||400&#8243; _builder_version=\u00bb4.25.1&#8243; _module_preset=\u00bbdefault\u00bb title_font=\u00bbRoboto|500|||||||\u00bb title_text_color=\u00bb#000000&#8243; title_font_size=\u00bb16px\u00bb title_letter_spacing=\u00bb0.4px\u00bb title_line_height=\u00bb120%\u00bb pagination_font=\u00bbPoppins|500|||||||\u00bb pagination_text_align=\u00bbcenter\u00bb pagination_text_color=\u00bb#000000&#8243; pagination_line_height=\u00bb2.2em\u00bb background_color=\u00bb#f6f6f6&#8243; custom_padding=\u00bb25px|25px|0px|25px|false|false\u00bb custom_padding_tablet=\u00bb25px|25px|0px|25px|false|false\u00bb custom_padding_phone=\u00bb10px|10px|0px|10px|false|false\u00bb custom_padding_last_edited=\u00bbon|phone\u00bb custom_css_gallery_item=\u00bb||position: relative;||overflow: hidden;||  \u00bb custom_css_overlay=\u00bb    display: none !important;\u00bb custom_css_gallery_item_title=\u00bbposition: absolute;||bottom: 0;||background-color: #fff;||width: 100%;||padding: 26px 90px 26px 31px;||margin: 0 !important;||||  transition: 0.3s;||transform: translate(0px, 101%);\u00bb custom_css_gallery_pagination=\u00bbborder: none !important;||line-height: 100%;\u00bb custom_css_gallery_pagination_active=\u00bbfont-size: 24px;\u00bb global_colors_info=\u00bb{}\u00bb][\/et_pb_gallery][\/et_pb_column][\/et_pb_row][\/et_pb_section][et_pb_section fb_built=\u00bb1&#8243; _builder_version=\u00bb4.21.0&#8243; _module_preset=\u00bbdefault\u00bb global_colors_info=\u00bb{}\u00bb][\/et_pb_section]<\/p>\n","protected":false},"excerpt":{"rendered":"<p>Galer\u00edaArte y creaci\u00f3nExposicionesLas obras de arteDenia, mar y m\u00e1s de nocheEsplendor de las flores en peque\u00f1o formatoEsplendor floral en gran formatoVida espa\u00f1olaPor debajo y por encima del aguaMinifrigor\u00edfico magn\u00e9ticoDibujos antiguos en grafito<\/p>\n","protected":false},"author":1,"featured_media":0,"parent":0,"menu_order":0,"comment_status":"closed","ping_status":"closed","template":"","meta":{"_et_pb_use_builder":"on","_et_pb_old_content":"","_et_gb_content_width":"","footnotes":""},"class_list":["post-354762","page","type-page","status-publish","hentry"],"_links":{"self":[{"href":"https:\/\/levanteymar.com\/es\/wp-json\/wp\/v2\/pages\/354762","targetHints":{"allow":["GET"]}}],"collection":[{"href":"https:\/\/levanteymar.com\/es\/wp-json\/wp\/v2\/pages"}],"about":[{"href":"https:\/\/levanteymar.com\/es\/wp-json\/wp\/v2\/types\/page"}],"author":[{"embeddable":true,"href":"https:\/\/levanteymar.com\/es\/wp-json\/wp\/v2\/users\/1"}],"replies":[{"embeddable":true,"href":"https:\/\/levanteymar.com\/es\/wp-json\/wp\/v2\/comments?post=354762"}],"version-history":[{"count":10,"href":"https:\/\/levanteymar.com\/es\/wp-json\/wp\/v2\/pages\/354762\/revisions"}],"predecessor-version":[{"id":356721,"href":"https:\/\/levanteymar.com\/es\/wp-json\/wp\/v2\/pages\/354762\/revisions\/356721"}],"wp:attachment":[{"href":"https:\/\/levanteymar.com\/es\/wp-json\/wp\/v2\/media?parent=354762"}],"curies":[{"name":"wp","href":"https:\/\/api.w.org\/{rel}","templated":true}]}}